{"id":30,"date":"2025-10-23T13:48:49","date_gmt":"2025-10-23T11:48:49","guid":{"rendered":"https:\/\/mitsvensurfboards.eu\/?page_id=30"},"modified":"2025-10-31T11:57:18","modified_gmt":"2025-10-31T10:57:18","slug":"home","status":"publish","type":"page","link":"https:\/\/mitsvensurfboards.eu\/en\/","title":{"rendered":"Home"},"content":{"rendered":"","protected":false},"excerpt":{"rendered":"","protected":false},"author":1,"featured_media":0,"parent":0,"menu_order":0,"comment_status":"closed","ping_status":"closed","template":"","meta":{"_seopress_robots_primary_cat":"","_seopress_titles_title":"Bob Mitsven Surfboards \u2013 Planches shap\u00e9es au Shapers Club","_seopress_titles_desc":"D\u00e9couvrez l\u2019univers de Bob Mitsven, shaper l\u00e9gendaire de San Diego. Ses planches de surf, shap\u00e9es \u00e0 la main et disponibles au Shapers Club, incarnent la pure tradition californienne : authenticit\u00e9, performance et glisse intemporelle.","_seopress_robots_index":"","inline_featured_image":false,"footnotes":""},"class_list":["post-30","page","type-page","status-publish","hentry"],"acpt":null,"_links":{"self":[{"href":"https:\/\/mitsvensurfboards.eu\/en\/wp-json\/wp\/v2\/pages\/30","targetHints":{"allow":["GET"]}}],"collection":[{"href":"https:\/\/mitsvensurfboards.eu\/en\/wp-json\/wp\/v2\/pages"}],"about":[{"href":"https:\/\/mitsvensurfboards.eu\/en\/wp-json\/wp\/v2\/types\/page"}],"author":[{"embeddable":true,"href":"https:\/\/mitsvensurfboards.eu\/en\/wp-json\/wp\/v2\/users\/1"}],"replies":[{"embeddable":true,"href":"https:\/\/mitsvensurfboards.eu\/en\/wp-json\/wp\/v2\/comments?post=30"}],"version-history":[{"count":2,"href":"https:\/\/mitsvensurfboards.eu\/en\/wp-json\/wp\/v2\/pages\/30\/revisions"}],"predecessor-version":[{"id":152,"href":"https:\/\/mitsvensurfboards.eu\/en\/wp-json\/wp\/v2\/pages\/30\/revisions\/152"}],"wp:attachment":[{"href":"https:\/\/mitsvensurfboards.eu\/en\/wp-json\/wp\/v2\/media?parent=30"}],"curies":[{"name":"wp","href":"https:\/\/api.w.org\/{rel}","templated":true}]}}